{"id":8824,"date":"2021-12-08T08:19:02","date_gmt":"2021-12-08T13:19:02","guid":{"rendered":"https:\/\/transfusionontario.org\/avis-de-non-responsabilite\/"},"modified":"2022-06-06T11:16:29","modified_gmt":"2022-06-06T15:16:29","slug":"avis-de-non-responsabilite","status":"publish","type":"page","link":"https:\/\/transfusionontario.org\/fr\/avis-de-non-responsabilite\/","title":{"rendered":"Avis de non-responsabilit\u00e9"},"content":{"rendered":"\n<p>L\u2019\u00e9diteur, les auteurs ou r\u00e9dacteurs et toute personne impliqu\u00e9e dans la cr\u00e9ation de cette publication, que ce soit directement ou indirectement, ne peuvent \u00eatre tenus responsables de toute perte, blessure, r\u00e9clamation, responsabilit\u00e9 ou de tout dommage de quelque nature que ce soit r\u00e9sultant de son utilisation ou de la confiance accord\u00e9e \u00e0 toute information ou tout mat\u00e9riel contenu dans cette publication. Cette publication est destin\u00e9e \u00e0 des fins d\u2019information uniquement, sans aucune garantie d\u2019aucune sorte. Sans limitation, la publication n\u2019est ni destin\u00e9e ni con\u00e7ue pour constituer ou remplacer un avis m\u00e9dical ou pour \u00eatre utilis\u00e9e \u00e0 des fins diagnostic. Si des informations sp\u00e9cifiques sur des questions de sant\u00e9 personnelles sont recherch\u00e9es, il convient d\u2019obtenir l\u2019avis d\u2019un m\u00e9decin ou d\u2019un autre professionnel de la sant\u00e9 appropri\u00e9. Toute d\u00e9cision concernant les soins aux patients doit \u00eatre fond\u00e9e sure le jugement du m\u00e9decin traitant en fonction des besoins et de l\u2019\u00e9tat de chaque patient. L\u2019\u00e9diteur, le(s) auteur(s)\/r\u00e9dacteur(s) en chef et toute personne ayant particip\u00e9 \u00e0 la cr\u00e9ation de cette publication d\u00e9clinent toute responsabilit\u00e9 quant aux r\u00e9sultats de toute action entreprise sur la base des renseignements contenus dans cette publication et pour toute erreur ou omission dans la publication. Ils nient express\u00e9ment toute responsabilit\u00e9 \u00e0 l\u2019\u00e9gard de tout utilisateur\/lecteur de la publication.      <\/p>\n","protected":false},"excerpt":{"rendered":"<p>L\u2019\u00e9diteur, les auteurs ou r\u00e9dacteurs et toute personne impliqu\u00e9e dans la cr\u00e9ation de cette publication, que ce soit directement ou indirectement, ne peuvent \u00eatre tenus responsables de toute perte, blessure, [&hellip;]<\/p>\n","protected":false},"author":1,"featured_media":0,"parent":0,"menu_order":0,"comment_status":"closed","ping_status":"closed","template":"","meta":{"_acf_changed":false,"_tec_requires_first_save":true,"_price":"","_stock":"","_tribe_ticket_header":"","_tribe_default_ticket_provider":"","_tribe_ticket_capacity":"0","_ticket_start_date":"","_ticket_end_date":"","_tribe_ticket_show_description":"","_tribe_ticket_show_not_going":false,"_tribe_ticket_use_global_stock":"","_tribe_ticket_global_stock_level":"","_global_stock_mode":"","_global_stock_cap":"","_tribe_rsvp_for_event":"","_tribe_ticket_going_count":"","_tribe_ticket_not_going_count":"","_tribe_tickets_list":"[]","_tribe_ticket_has_attendee_info_fields":false,"_EventAllDay":false,"_EventTimezone":"","_EventStartDate":"","_EventEndDate":"","_EventStartDateUTC":"","_EventEndDateUTC":"","_EventShowMap":false,"_EventShowMapLink":false,"_EventURL":"","_EventCost":"","_EventCostDescription":"","_EventCurrencySymbol":"","_EventCurrencyCode":"","_EventCurrencyPosition":"","_EventDateTimeSeparator":"","_EventTimeRangeSeparator":"","_EventOrganizerID":[],"_EventVenueID":[],"_OrganizerEmail":"","_OrganizerPhone":"","_OrganizerWebsite":"","_VenueAddress":"","_VenueCity":"","_VenueCountry":"","_VenueProvince":"","_VenueState":"","_VenueZip":"","_VenuePhone":"","_VenueURL":"","_VenueStateProvince":"","_VenueLat":"","_VenueLng":"","_VenueShowMap":false,"_VenueShowMapLink":false,"_tribe_blocks_recurrence_rules":"","_tribe_blocks_recurrence_description":"","_tribe_blocks_recurrence_exclusions":"","footnotes":""},"class_list":["post-8824","page","type-page","status-publish","hentry"],"acf":[],"_links":{"self":[{"href":"https:\/\/transfusionontario.org\/fr\/wp-json\/wp\/v2\/pages\/8824","targetHints":{"allow":["GET"]}}],"collection":[{"href":"https:\/\/transfusionontario.org\/fr\/wp-json\/wp\/v2\/pages"}],"about":[{"href":"https:\/\/transfusionontario.org\/fr\/wp-json\/wp\/v2\/types\/page"}],"author":[{"embeddable":true,"href":"https:\/\/transfusionontario.org\/fr\/wp-json\/wp\/v2\/users\/1"}],"replies":[{"embeddable":true,"href":"https:\/\/transfusionontario.org\/fr\/wp-json\/wp\/v2\/comments?post=8824"}],"version-history":[{"count":0,"href":"https:\/\/transfusionontario.org\/fr\/wp-json\/wp\/v2\/pages\/8824\/revisions"}],"wp:attachment":[{"href":"https:\/\/transfusionontario.org\/fr\/wp-json\/wp\/v2\/media?parent=8824"}],"curies":[{"name":"wp","href":"https:\/\/api.w.org\/{rel}","templated":true}]}}