{"id":4940,"date":"2020-08-24T11:35:06","date_gmt":"2020-08-24T15:35:06","guid":{"rendered":"https:\/\/transfusionontario.org\/declaration-de-confidentialite\/"},"modified":"2020-08-24T11:35:07","modified_gmt":"2020-08-24T15:35:07","slug":"declaration-de-confidentialite","status":"publish","type":"page","link":"https:\/\/transfusionontario.org\/fr\/declaration-de-confidentialite\/","title":{"rendered":"D\u00e9claration de confidentialit\u00e9"},"content":{"rendered":"\n<p>Transfusion Ontario accorde beaucoup d\u2019importance au respect de votre vie priv\u00e9e et de vos donn\u00e9es personnelles. Nous n\u2019utilisons ni ne divulguons aucune donn\u00e9e personnelle qui pourrait vous identifier et que nous avons obtenue en ligne pour des raisons autres que celles pour lesquelles nous les avons recueillies. Transfusion Ontario ne gardera vos donn\u00e9es personnelles que le temps n\u00e9cessaire. Ce site Web ne collecte pas automatiquement des donn\u00e9es personnelles, comme le nom et l\u2019adresse de courriel. Ces donn\u00e9es ne sont collect\u00e9es que si vous nous les donnez pour vous inscrire \u00e0 la section des membres ou que vous posez une question ou adressez une demande \u00e0 la personne-ressource du site Web.<\/p>\n\n<p>Lorsque vous visitez notre site Web, notre serveur collecte automatiquement un nombre restreint de donn\u00e9es. Il s\u2019agit de donn\u00e9es essentielles \u00e0 l\u2019exploitation et \u00e0 la s\u00e9curit\u00e9 de notre site Web. Nous collectons l\u2019adresse de protocole Internet, la date et l\u2019heure des visites, les pages consult\u00e9es et le temps pass\u00e9 dans notre site. Nous ne faisons aucune tentative de relier ces adresses \u00e0 l\u2019identit\u00e9 des personnes qui visitent notre site \u00e0 moins que nous d\u00e9pistions une tentative de compromettre le site.<\/p>\n\n<p>Transfusion Ontario ne communiquera jamais volontairement les donn\u00e9es personnelles qui permettent de vous identifier \u00e0 un tiers. Les donn\u00e9es collect\u00e9es ne seront utilis\u00e9es que par Transfusion Ontario ou conform\u00e9ment \u00e0 la loi.<\/p>\n\n<p>Transfusion Ontario se sert cependant de t\u00e9moins, ces petits fichiers plac\u00e9s dans l\u2019ordinateur d\u2019un visiteur par le serveur du site par l\u2019interm\u00e9diaire du navigateur du visiteur. Ces donn\u00e9es sont par la suite mises \u00e0 la disposition du serveur du site Web. Quand le visiteur revient sur notre site en passant par le m\u00eame navigateur, nous pouvons personnaliser  son exp\u00e9rience en ligne et simplifier la proc\u00e9dure d\u2019entr\u00e9e des donn\u00e9es en enregistrant les donn\u00e9es souvent entr\u00e9es. Les t\u00e9moins dont nous nous servons ne nous permettent pas d\u2019identifier un visiteur particulier.<\/p>\n\n<p>Toute question ou tout commentaire au sujet de cette politique peut \u00eatre adress\u00e9 \u00e0 la personne-ressource de notre site Web \u00e0 l\u2019adresse <a href=\"&#x6d;&#97;i&#x6c;&#116;o&#x3a;&#116;r&#x61;&#x6e;&#115;&#x66;&#x75;&#115;i&#x6f;&#110;o&#x6e;&#116;a&#x72;&#x69;&#111;&#x40;&#x67;&#109;a&#x69;&#108;&#46;&#x63;&#111;m\">&#x74;&#x72;&#x61;&#110;&#115;fu&#x73;&#x69;&#x6f;&#110;&#111;nt&#x61;&#x72;&#x69;&#111;&#64;gm&#x61;&#x69;&#x6c;&#46;&#99;om<\/a>.<\/p>\n","protected":false},"excerpt":{"rendered":"<p>Transfusion Ontario accorde beaucoup d\u2019importance au respect de votre vie priv\u00e9e et de vos donn\u00e9es personnelles. Nous n\u2019utilisons ni ne divulguons aucune donn\u00e9e personnelle qui pourrait vous identifier et que [&hellip;]<\/p>\n","protected":false},"author":1,"featured_media":0,"parent":0,"menu_order":0,"comment_status":"closed","ping_status":"closed","template":"","meta":{"_acf_changed":false,"_tec_requires_first_save":true,"_price":"","_stock":"","_tribe_ticket_header":"","_tribe_default_ticket_provider":"","_tribe_ticket_capacity":"0","_ticket_start_date":"","_ticket_end_date":"","_tribe_ticket_show_description":"","_tribe_ticket_show_not_going":false,"_tribe_ticket_use_global_stock":"","_tribe_ticket_global_stock_level":"","_global_stock_mode":"","_global_stock_cap":"","_tribe_rsvp_for_event":"","_tribe_ticket_going_count":"","_tribe_ticket_not_going_count":"","_tribe_tickets_list":"[]","_tribe_ticket_has_attendee_info_fields":false,"_EventAllDay":false,"_EventTimezone":"","_EventStartDate":"","_EventEndDate":"","_EventStartDateUTC":"","_EventEndDateUTC":"","_EventShowMap":false,"_EventShowMapLink":false,"_EventURL":"","_EventCost":"","_EventCostDescription":"","_EventCurrencySymbol":"","_EventCurrencyCode":"","_EventCurrencyPosition":"","_EventDateTimeSeparator":"","_EventTimeRangeSeparator":"","_EventOrganizerID":[],"_EventVenueID":[],"_OrganizerEmail":"","_OrganizerPhone":"","_OrganizerWebsite":"","_VenueAddress":"","_VenueCity":"","_VenueCountry":"","_VenueProvince":"","_VenueState":"","_VenueZip":"","_VenuePhone":"","_VenueURL":"","_VenueStateProvince":"","_VenueLat":"","_VenueLng":"","_VenueShowMap":false,"_VenueShowMapLink":false,"_tribe_blocks_recurrence_rules":"","_tribe_blocks_recurrence_description":"","_tribe_blocks_recurrence_exclusions":"","footnotes":""},"class_list":["post-4940","page","type-page","status-publish","hentry"],"acf":[],"_links":{"self":[{"href":"https:\/\/transfusionontario.org\/fr\/wp-json\/wp\/v2\/pages\/4940","targetHints":{"allow":["GET"]}}],"collection":[{"href":"https:\/\/transfusionontario.org\/fr\/wp-json\/wp\/v2\/pages"}],"about":[{"href":"https:\/\/transfusionontario.org\/fr\/wp-json\/wp\/v2\/types\/page"}],"author":[{"embeddable":true,"href":"https:\/\/transfusionontario.org\/fr\/wp-json\/wp\/v2\/users\/1"}],"replies":[{"embeddable":true,"href":"https:\/\/transfusionontario.org\/fr\/wp-json\/wp\/v2\/comments?post=4940"}],"version-history":[{"count":0,"href":"https:\/\/transfusionontario.org\/fr\/wp-json\/wp\/v2\/pages\/4940\/revisions"}],"wp:attachment":[{"href":"https:\/\/transfusionontario.org\/fr\/wp-json\/wp\/v2\/media?parent=4940"}],"curies":[{"name":"wp","href":"https:\/\/api.w.org\/{rel}","templated":true}]}}